{"id":692,"date":"2022-04-25T02:33:57","date_gmt":"2022-04-25T02:33:57","guid":{"rendered":"https:\/\/architect.oceanwp.org\/?page_id=692"},"modified":"2022-07-26T09:06:23","modified_gmt":"2022-07-26T09:06:23","slug":"contacto","status":"publish","type":"page","link":"https:\/\/arizamomblant.com\/en\/contacto\/","title":{"rendered":"CONTACT"},"content":{"rendered":"\t\t<div data-elementor-type=\"wp-page\" data-elementor-id=\"692\" class=\"elementor elementor-692\" data-elementor-post-type=\"page\">\n\t\t\t\t\t\t<section class=\"elementor-section elementor-top-section elementor-element elementor-element-24453932 elementor-section-height-min-height elementor-section-boxed elementor-section-height-default elementor-section-items-middle\" data-id=\"24453932\" data-element_type=\"section\" data-e-type=\"section\" data-settings=\"{&quot;background_background&quot;:&quot;classic&quot;}\">\n\t\t\t\t\t\t\t<div class=\"elementor-background-overlay\"><\/div>\n\t\t\t\t\t\t\t<div class=\"elementor-container elementor-column-gap-default\">\n\t\t\t\t\t<div class=\"elementor-column elementor-col-100 elementor-top-column elementor-element elementor-element-3b6868d5\" data-id=\"3b6868d5\" data-element_type=\"column\" data-e-type=\"column\">\n\t\t\t<div class=\"elementor-widget-wrap elementor-element-populated\">\n\t\t\t\t\t\t<div class=\"elementor-element elementor-element-678484a4 elementor-widget elementor-widget-image\" data-id=\"678484a4\" data-element_type=\"widget\" data-e-type=\"widget\" data-widget_type=\"image.default\">\n\t\t\t\t<div class=\"elementor-widget-container\">\n\t\t\t\t\t\t\t\t\t\t\t\t\t\t\t<img fetchpriority=\"high\" decoding=\"async\" width=\"1024\" height=\"493\" src=\"https:\/\/arizamomblant.com\/wp-content\/uploads\/2022\/06\/cropped-logo-antonio-ariza-ok-ok-03-1024x493.png\" class=\"attachment-large size-large wp-image-798\" alt=\"\" srcset=\"https:\/\/arizamomblant.com\/wp-content\/uploads\/2022\/06\/cropped-logo-antonio-ariza-ok-ok-03-1024x493.png 1024w, https:\/\/arizamomblant.com\/wp-content\/uploads\/2022\/06\/cropped-logo-antonio-ariza-ok-ok-03-300x144.png 300w, https:\/\/arizamomblant.com\/wp-content\/uploads\/2022\/06\/cropped-logo-antonio-ariza-ok-ok-03-768x370.png 768w, https:\/\/arizamomblant.com\/wp-content\/uploads\/2022\/06\/cropped-logo-antonio-ariza-ok-ok-03-1536x739.png 1536w, https:\/\/arizamomblant.com\/wp-content\/uploads\/2022\/06\/cropped-logo-antonio-ariza-ok-ok-03-2048x986.png 2048w\" sizes=\"(max-width: 1024px) 100vw, 1024px\" \/>\t\t\t\t\t\t\t\t\t\t\t\t\t\t\t<\/div>\n\t\t\t\t<\/div>\n\t\t\t\t\t<\/div>\n\t\t<\/div>\n\t\t\t\t\t<\/div>\n\t\t<\/section>\n\t\t\t\t<section class=\"elementor-section elementor-top-section elementor-element elementor-element-6dc62be1 elementor-section-height-min-height elementor-section-boxed elementor-section-height-default elementor-section-items-middle\" data-id=\"6dc62be1\" data-element_type=\"section\" data-e-type=\"section\">\n\t\t\t\t\t\t\t<div class=\"elementor-background-overlay\"><\/div>\n\t\t\t\t\t\t\t<div class=\"elementor-container elementor-column-gap-no\">\n\t\t\t\t\t<div class=\"elementor-column elementor-col-50 elementor-top-column elementor-element elementor-element-2cf75e01\" data-id=\"2cf75e01\" data-element_type=\"column\" data-e-type=\"column\" data-settings=\"{&quot;background_background&quot;:&quot;classic&quot;}\">\n\t\t\t<div class=\"elementor-widget-wrap elementor-element-populated\">\n\t\t\t\t\t\t<div class=\"elementor-element elementor-element-4053d3af elementor-invisible elementor-widget elementor-widget-heading\" data-id=\"4053d3af\" data-element_type=\"widget\" data-e-type=\"widget\" data-settings=\"{&quot;_animation&quot;:&quot;fadeIn&quot;}\" data-widget_type=\"heading.default\">\n\t\t\t\t<div class=\"elementor-widget-container\">\n\t\t\t\t\t<h2 class=\"elementor-heading-title elementor-size-default\">contacto<\/h2>\t\t\t\t<\/div>\n\t\t\t\t<\/div>\n\t\t\t\t<div class=\"elementor-element elementor-element-243e6eab elementor-widget-divider--view-line elementor-invisible elementor-widget elementor-widget-divider\" data-id=\"243e6eab\" data-element_type=\"widget\" data-e-type=\"widget\" data-settings=\"{&quot;_animation&quot;:&quot;slideInRight&quot;}\" data-widget_type=\"divider.default\">\n\t\t\t\t<div class=\"elementor-widget-container\">\n\t\t\t\t\t\t\t<div class=\"elementor-divider\">\n\t\t\t<span class=\"elementor-divider-separator\">\n\t\t\t\t\t\t<\/span>\n\t\t<\/div>\n\t\t\t\t\t\t<\/div>\n\t\t\t\t<\/div>\n\t\t\t\t<div class=\"elementor-element elementor-element-6ec858ca elementor-button-align-stretch elementor-widget elementor-widget-form\" data-id=\"6ec858ca\" data-element_type=\"widget\" data-e-type=\"widget\" data-settings=\"{&quot;step_next_label&quot;:&quot;Next&quot;,&quot;step_previous_label&quot;:&quot;Previous&quot;,&quot;button_width&quot;:&quot;100&quot;,&quot;step_type&quot;:&quot;number_text&quot;,&quot;step_icon_shape&quot;:&quot;circle&quot;}\" data-widget_type=\"form.default\">\n\t\t\t\t<div class=\"elementor-widget-container\">\n\t\t\t\t\t\t\t<form class=\"elementor-form\" method=\"post\" name=\"New Form\" aria-label=\"New Form\">\n\t\t\t<input type=\"hidden\" name=\"post_id\" value=\"692\"\/>\n\t\t\t<input type=\"hidden\" name=\"form_id\" value=\"6ec858ca\"\/>\n\t\t\t<input type=\"hidden\" name=\"referer_title\" value=\"Ariza Momblant\" \/>\n\n\t\t\t\n\t\t\t<div class=\"elementor-form-fields-wrapper elementor-labels-above\">\n\t\t\t\t\t\t\t\t<div class=\"elementor-field-type-text elementor-field-group elementor-column elementor-field-group-name elementor-col-100 elementor-field-required elementor-mark-required\">\n\t\t\t\t\t\t\t\t\t\t\t\t<label for=\"form-field-name\" class=\"elementor-field-label\">\n\t\t\t\t\t\t\t\tNombre\t\t\t\t\t\t\t<\/label>\n\t\t\t\t\t\t\t\t\t\t\t\t\t\t<input size=\"1\" type=\"text\" name=\"form_fields[name]\" id=\"form-field-name\" class=\"elementor-field elementor-size-sm  elementor-field-textual\" placeholder=\"Nombre\" required=\"required\">\n\t\t\t\t\t\t\t\t\t\t\t<\/div>\n\t\t\t\t\t\t\t\t<div class=\"elementor-field-type-email elementor-field-group elementor-column elementor-field-group-email elementor-col-100 elementor-field-required elementor-mark-required\">\n\t\t\t\t\t\t\t\t\t\t\t\t<label for=\"form-field-email\" class=\"elementor-field-label\">\n\t\t\t\t\t\t\t\tEmail\t\t\t\t\t\t\t<\/label>\n\t\t\t\t\t\t\t\t\t\t\t\t\t\t<input size=\"1\" type=\"email\" name=\"form_fields[email]\" id=\"form-field-email\" class=\"elementor-field elementor-size-sm  elementor-field-textual\" placeholder=\"Email\" required=\"required\">\n\t\t\t\t\t\t\t\t\t\t\t<\/div>\n\t\t\t\t\t\t\t\t<div class=\"elementor-field-type-tel elementor-field-group elementor-column elementor-field-group-field_5a54a03 elementor-col-100 elementor-field-required elementor-mark-required\">\n\t\t\t\t\t\t\t\t\t\t\t\t<label for=\"form-field-field_5a54a03\" class=\"elementor-field-label\">\n\t\t\t\t\t\t\t\tTel\u00e9fono\t\t\t\t\t\t\t<\/label>\n\t\t\t\t\t\t\t\t<input size=\"1\" type=\"tel\" name=\"form_fields[field_5a54a03]\" id=\"form-field-field_5a54a03\" class=\"elementor-field elementor-size-sm  elementor-field-textual\" required=\"required\" pattern=\"[0-9()#&amp;+*-=.]+\" title=\"Only numbers and phone characters (#, -, *, etc) are accepted.\">\n\n\t\t\t\t\t\t<\/div>\n\t\t\t\t\t\t\t\t<div class=\"elementor-field-type-textarea elementor-field-group elementor-column elementor-field-group-message elementor-col-100 elementor-field-required elementor-mark-required\">\n\t\t\t\t\t\t\t\t\t\t\t\t<label for=\"form-field-message\" class=\"elementor-field-label\">\n\t\t\t\t\t\t\t\tMensaje\t\t\t\t\t\t\t<\/label>\n\t\t\t\t\t\t<textarea class=\"elementor-field-textual elementor-field  elementor-size-sm\" name=\"form_fields[message]\" id=\"form-field-message\" rows=\"4\" placeholder=\"Mensaje\" required=\"required\"><\/textarea>\t\t\t\t<\/div>\n\t\t\t\t\t\t\t\t<div class=\"elementor-field-type-acceptance elementor-field-group elementor-column elementor-field-group-field_ee3c5e0 elementor-col-100 elementor-field-required elementor-mark-required\">\n\t\t\t\t\t\t\t<div class=\"elementor-field-subgroup\">\n\t\t\t<span class=\"elementor-field-option\">\n\t\t\t\t<input type=\"checkbox\" name=\"form_fields[field_ee3c5e0]\" id=\"form-field-field_ee3c5e0\" class=\"elementor-field elementor-size-sm  elementor-acceptance-field\" required=\"required\">\n\t\t\t\t<label for=\"form-field-field_ee3c5e0\">Acepto la pol\u00edtica de privacidad y cookies.<\/label>\t\t\t<\/span>\n\t\t<\/div>\n\t\t\t\t\t\t<\/div>\n\t\t\t\t\t\t\t\t<div class=\"elementor-field-type-html elementor-field-group elementor-column elementor-field-group-field_aca2b14 elementor-col-100\">\n\t\t\t\t\tTe informamos que los datos de car\u00e1cter personal que proporciones rellenando el presente formulario ser\u00e1n tratados por arizamomblant.com. La finalidad de la recogida y tratamiento de los datos personales que te solicito es para gestionar la solicitud que realizas en este formulario de contacto. Legitimaci\u00f3n: Consentimiento del interesado. El hecho de que no introduzcas los datos de car\u00e1cter personal que aparecen en el formulario como obligatorios podr\u00e1 tener como consecuencia no poder atender tu solicitud.\t\t\t\t<\/div>\n\t\t\t\t\t\t\t\t<div class=\"elementor-field-type-recaptcha_v3 elementor-field-group elementor-column elementor-field-group-field_f93fc18 elementor-col-100 recaptcha_v3-bottomright\">\n\t\t\t\t\t<div class=\"elementor-field\" id=\"form-field-field_f93fc18\"><div class=\"elementor-g-recaptcha\" data-sitekey=\"6Lf7J48gAAAAAOnJwaRE_7uvdK2JYpX1_uLk55qZ\" data-type=\"v3\" data-action=\"Form\" data-badge=\"bottomright\" data-size=\"invisible\"><\/div><\/div>\t\t\t\t<\/div>\n\t\t\t\t\t\t\t\t<div class=\"elementor-field-group elementor-column elementor-field-type-submit elementor-col-100 e-form__buttons\">\n\t\t\t\t\t<button class=\"elementor-button elementor-size-sm\" type=\"submit\">\n\t\t\t\t\t\t<span class=\"elementor-button-content-wrapper\">\n\t\t\t\t\t\t\t\t\t\t\t\t\t\t\t\t\t\t\t\t\t\t<span class=\"elementor-button-text\">Enviar<\/span>\n\t\t\t\t\t\t\t\t\t\t\t\t\t<\/span>\n\t\t\t\t\t<\/button>\n\t\t\t\t<\/div>\n\t\t\t<\/div>\n\t\t<\/form>\n\t\t\t\t\t\t<\/div>\n\t\t\t\t<\/div>\n\t\t\t\t\t<\/div>\n\t\t<\/div>\n\t\t\t\t<div class=\"elementor-column elementor-col-50 elementor-top-column elementor-element elementor-element-3ce032a\" data-id=\"3ce032a\" data-element_type=\"column\" data-e-type=\"column\" data-settings=\"{&quot;background_background&quot;:&quot;slideshow&quot;,&quot;background_slideshow_gallery&quot;:[{&quot;id&quot;:1264,&quot;url&quot;:&quot;https:\\\/\\\/arizamomblant.com\\\/wp-content\\\/uploads\\\/2022\\\/07\\\/VIS_3547.jpg&quot;},{&quot;id&quot;:1482,&quot;url&quot;:&quot;https:\\\/\\\/arizamomblant.com\\\/wp-content\\\/uploads\\\/2022\\\/07\\\/VIS_3414.jpg&quot;},{&quot;id&quot;:1256,&quot;url&quot;:&quot;https:\\\/\\\/arizamomblant.com\\\/wp-content\\\/uploads\\\/2022\\\/07\\\/VIS_3583.jpg&quot;}],&quot;background_slideshow_slide_duration&quot;:3000,&quot;background_slideshow_ken_burns&quot;:&quot;yes&quot;,&quot;background_slideshow_loop&quot;:&quot;yes&quot;,&quot;background_slideshow_slide_transition&quot;:&quot;fade&quot;,&quot;background_slideshow_transition_duration&quot;:500,&quot;background_slideshow_ken_burns_zoom_direction&quot;:&quot;in&quot;}\">\n\t\t\t<div class=\"elementor-widget-wrap elementor-element-populated\">\n\t\t\t\t\t\t<div class=\"elementor-element elementor-element-cd117bc elementor-widget elementor-widget-spacer\" data-id=\"cd117bc\" data-element_type=\"widget\" data-e-type=\"widget\" data-widget_type=\"spacer.default\">\n\t\t\t\t<div class=\"elementor-widget-container\">\n\t\t\t\t\t\t\t<div class=\"elementor-spacer\">\n\t\t\t<div class=\"elementor-spacer-inner\"><\/div>\n\t\t<\/div>\n\t\t\t\t\t\t<\/div>\n\t\t\t\t<\/div>\n\t\t\t\t\t<\/div>\n\t\t<\/div>\n\t\t\t\t\t<\/div>\n\t\t<\/section>\n\t\t\t\t<\/div>\n\t\t","protected":false},"excerpt":{"rendered":"<p>CONTACT<\/p>","protected":false},"author":1,"featured_media":0,"parent":0,"menu_order":0,"comment_status":"closed","ping_status":"closed","template":"","meta":{"ocean_post_layout":"full-screen","ocean_both_sidebars_style":"","ocean_both_sidebars_content_width":0,"ocean_both_sidebars_sidebars_width":0,"ocean_sidebar":"0","ocean_second_sidebar":"0","ocean_disable_margins":"on","ocean_add_body_class":"","ocean_shortcode_before_top_bar":"","ocean_shortcode_after_top_bar":"","ocean_shortcode_before_header":"","ocean_shortcode_after_header":"","ocean_has_shortcode":"","ocean_shortcode_after_title":"","ocean_shortcode_before_footer_widgets":"","ocean_shortcode_after_footer_widgets":"","ocean_shortcode_before_footer_bottom":"","ocean_shortcode_after_footer_bottom":"","ocean_display_top_bar":"default","ocean_display_header":"default","ocean_header_style":"transparent","ocean_center_header_left_menu":"0","ocean_custom_header_template":"0","ocean_custom_logo":0,"ocean_custom_retina_logo":0,"ocean_custom_logo_max_width":0,"ocean_custom_logo_tablet_max_width":0,"ocean_custom_logo_mobile_max_width":0,"ocean_custom_logo_max_height":0,"ocean_custom_logo_tablet_max_height":0,"ocean_custom_logo_mobile_max_height":0,"ocean_header_custom_menu":"0","ocean_menu_typo_font_family":"0","ocean_menu_typo_font_subset":"","ocean_menu_typo_font_size":0,"ocean_menu_typo_font_size_tablet":0,"ocean_menu_typo_font_size_mobile":0,"ocean_menu_typo_font_size_unit":"px","ocean_menu_typo_font_weight":"","ocean_menu_typo_font_weight_tablet":"","ocean_menu_typo_font_weight_mobile":"","ocean_menu_typo_transform":"","ocean_menu_typo_transform_tablet":"","ocean_menu_typo_transform_mobile":"","ocean_menu_typo_line_height":0,"ocean_menu_typo_line_height_tablet":0,"ocean_menu_typo_line_height_mobile":0,"ocean_menu_typo_line_height_unit":"","ocean_menu_typo_spacing":0,"ocean_menu_typo_spacing_tablet":0,"ocean_menu_typo_spacing_mobile":0,"ocean_menu_typo_spacing_unit":"","ocean_menu_link_color":"#ffffff","ocean_menu_link_color_hover":"#6e8fef","ocean_menu_link_color_active":"#ffffff","ocean_menu_link_background":"","ocean_menu_link_hover_background":"","ocean_menu_link_active_background":"","ocean_menu_social_links_bg":"","ocean_menu_social_hover_links_bg":"","ocean_menu_social_links_color":"#ffffff","ocean_menu_social_hover_links_color":"#6e8fef","ocean_disable_title":"on","ocean_disable_heading":"default","ocean_post_title":"","ocean_post_subheading":"","ocean_post_title_style":"","ocean_post_title_background_color":"","ocean_post_title_background":0,"ocean_post_title_bg_image_position":"","ocean_post_title_bg_image_attachment":"","ocean_post_title_bg_image_repeat":"","ocean_post_title_bg_image_size":"","ocean_post_title_height":0,"ocean_post_title_bg_overlay":0.5,"ocean_post_title_bg_overlay_color":"","ocean_disable_breadcrumbs":"off","ocean_breadcrumbs_color":"","ocean_breadcrumbs_separator_color":"","ocean_breadcrumbs_links_color":"","ocean_breadcrumbs_links_hover_color":"","ocean_display_footer_widgets":"default","ocean_display_footer_bottom":"default","ocean_custom_footer_template":"0","footnotes":""},"class_list":["post-692","page","type-page","status-publish","hentry","entry"],"yoast_head":"<!-- This site is optimized with the Yoast SEO plugin v27.3 - https:\/\/yoast.com\/product\/yoast-seo-wordpress\/ -->\n<title>Contacto - Ariza Momblant<\/title>\n<meta name=\"robots\" content=\"index, follow, max-snippet:-1, max-image-preview:large, max-video-preview:-1\" \/>\n<link rel=\"canonical\" href=\"https:\/\/arizamomblant.com\/en\/contacto\/\" \/>\n<meta property=\"og:locale\" content=\"en_GB\" \/>\n<meta property=\"og:type\" content=\"article\" \/>\n<meta property=\"og:title\" content=\"Contacto - Ariza Momblant\" \/>\n<meta property=\"og:description\" content=\"contacto\" \/>\n<meta property=\"og:url\" content=\"https:\/\/arizamomblant.com\/en\/contacto\/\" \/>\n<meta property=\"og:site_name\" content=\"Ariza Momblant\" \/>\n<meta property=\"article:modified_time\" content=\"2022-07-26T09:06:23+00:00\" \/>\n<meta property=\"og:image\" content=\"https:\/\/arizamomblant.com\/wp-content\/uploads\/2022\/06\/cropped-logo-antonio-ariza-ok-ok-03-1024x493.png\" \/>\n<meta name=\"twitter:card\" content=\"summary_large_image\" \/>\n<meta name=\"twitter:label1\" content=\"Estimated reading time\" \/>\n\t<meta name=\"twitter:data1\" content=\"1 minute\" \/>\n<script type=\"application\/ld+json\" class=\"yoast-schema-graph\">{\"@context\":\"https:\\\/\\\/schema.org\",\"@graph\":[{\"@type\":\"WebPage\",\"@id\":\"https:\\\/\\\/arizamomblant.com\\\/contacto\\\/\",\"url\":\"https:\\\/\\\/arizamomblant.com\\\/contacto\\\/\",\"name\":\"Contacto - Ariza Momblant\",\"isPartOf\":{\"@id\":\"https:\\\/\\\/arizamomblant.com\\\/#website\"},\"primaryImageOfPage\":{\"@id\":\"https:\\\/\\\/arizamomblant.com\\\/contacto\\\/#primaryimage\"},\"image\":{\"@id\":\"https:\\\/\\\/arizamomblant.com\\\/contacto\\\/#primaryimage\"},\"thumbnailUrl\":\"https:\\\/\\\/arizamomblant.com\\\/wp-content\\\/uploads\\\/2022\\\/06\\\/cropped-logo-antonio-ariza-ok-ok-03-1024x493.png\",\"datePublished\":\"2022-04-25T02:33:57+00:00\",\"dateModified\":\"2022-07-26T09:06:23+00:00\",\"breadcrumb\":{\"@id\":\"https:\\\/\\\/arizamomblant.com\\\/contacto\\\/#breadcrumb\"},\"inLanguage\":\"en-GB\",\"potentialAction\":[{\"@type\":\"ReadAction\",\"target\":[\"https:\\\/\\\/arizamomblant.com\\\/contacto\\\/\"]}]},{\"@type\":\"ImageObject\",\"inLanguage\":\"en-GB\",\"@id\":\"https:\\\/\\\/arizamomblant.com\\\/contacto\\\/#primaryimage\",\"url\":\"https:\\\/\\\/arizamomblant.com\\\/wp-content\\\/uploads\\\/2022\\\/06\\\/cropped-logo-antonio-ariza-ok-ok-03-1024x493.png\",\"contentUrl\":\"https:\\\/\\\/arizamomblant.com\\\/wp-content\\\/uploads\\\/2022\\\/06\\\/cropped-logo-antonio-ariza-ok-ok-03-1024x493.png\"},{\"@type\":\"BreadcrumbList\",\"@id\":\"https:\\\/\\\/arizamomblant.com\\\/contacto\\\/#breadcrumb\",\"itemListElement\":[{\"@type\":\"ListItem\",\"position\":1,\"name\":\"Portada\",\"item\":\"https:\\\/\\\/arizamomblant.com\\\/\"},{\"@type\":\"ListItem\",\"position\":2,\"name\":\"Contacto\"}]},{\"@type\":\"WebSite\",\"@id\":\"https:\\\/\\\/arizamomblant.com\\\/#website\",\"url\":\"https:\\\/\\\/arizamomblant.com\\\/\",\"name\":\"Ariza Momblant\",\"description\":\"Director y pianista\",\"publisher\":{\"@id\":\"https:\\\/\\\/arizamomblant.com\\\/#organization\"},\"potentialAction\":[{\"@type\":\"SearchAction\",\"target\":{\"@type\":\"EntryPoint\",\"urlTemplate\":\"https:\\\/\\\/arizamomblant.com\\\/?s={search_term_string}\"},\"query-input\":{\"@type\":\"PropertyValueSpecification\",\"valueRequired\":true,\"valueName\":\"search_term_string\"}}],\"inLanguage\":\"en-GB\"},{\"@type\":\"Organization\",\"@id\":\"https:\\\/\\\/arizamomblant.com\\\/#organization\",\"name\":\"Ariza Momblant\",\"url\":\"https:\\\/\\\/arizamomblant.com\\\/\",\"logo\":{\"@type\":\"ImageObject\",\"inLanguage\":\"en-GB\",\"@id\":\"https:\\\/\\\/arizamomblant.com\\\/#\\\/schema\\\/logo\\\/image\\\/\",\"url\":\"https:\\\/\\\/arizamomblant.com\\\/wp-content\\\/uploads\\\/2022\\\/06\\\/cropped-logo-antonio-ariza-ok-ok-03.png\",\"contentUrl\":\"https:\\\/\\\/arizamomblant.com\\\/wp-content\\\/uploads\\\/2022\\\/06\\\/cropped-logo-antonio-ariza-ok-ok-03.png\",\"width\":5905,\"height\":2842,\"caption\":\"Ariza Momblant\"},\"image\":{\"@id\":\"https:\\\/\\\/arizamomblant.com\\\/#\\\/schema\\\/logo\\\/image\\\/\"}}]}<\/script>\n<!-- \/ Yoast SEO plugin. -->","yoast_head_json":{"title":"Contacto - Ariza Momblant","robots":{"index":"index","follow":"follow","max-snippet":"max-snippet:-1","max-image-preview":"max-image-preview:large","max-video-preview":"max-video-preview:-1"},"canonical":"https:\/\/arizamomblant.com\/en\/contacto\/","og_locale":"en_GB","og_type":"article","og_title":"Contacto - Ariza Momblant","og_description":"contacto","og_url":"https:\/\/arizamomblant.com\/en\/contacto\/","og_site_name":"Ariza Momblant","article_modified_time":"2022-07-26T09:06:23+00:00","og_image":[{"url":"https:\/\/arizamomblant.com\/wp-content\/uploads\/2022\/06\/cropped-logo-antonio-ariza-ok-ok-03-1024x493.png","type":"","width":"","height":""}],"twitter_card":"summary_large_image","twitter_misc":{"Estimated reading time":"1 minute"},"schema":{"@context":"https:\/\/schema.org","@graph":[{"@type":"WebPage","@id":"https:\/\/arizamomblant.com\/contacto\/","url":"https:\/\/arizamomblant.com\/contacto\/","name":"Contacto - Ariza Momblant","isPartOf":{"@id":"https:\/\/arizamomblant.com\/#website"},"primaryImageOfPage":{"@id":"https:\/\/arizamomblant.com\/contacto\/#primaryimage"},"image":{"@id":"https:\/\/arizamomblant.com\/contacto\/#primaryimage"},"thumbnailUrl":"https:\/\/arizamomblant.com\/wp-content\/uploads\/2022\/06\/cropped-logo-antonio-ariza-ok-ok-03-1024x493.png","datePublished":"2022-04-25T02:33:57+00:00","dateModified":"2022-07-26T09:06:23+00:00","breadcrumb":{"@id":"https:\/\/arizamomblant.com\/contacto\/#breadcrumb"},"inLanguage":"en-GB","potentialAction":[{"@type":"ReadAction","target":["https:\/\/arizamomblant.com\/contacto\/"]}]},{"@type":"ImageObject","inLanguage":"en-GB","@id":"https:\/\/arizamomblant.com\/contacto\/#primaryimage","url":"https:\/\/arizamomblant.com\/wp-content\/uploads\/2022\/06\/cropped-logo-antonio-ariza-ok-ok-03-1024x493.png","contentUrl":"https:\/\/arizamomblant.com\/wp-content\/uploads\/2022\/06\/cropped-logo-antonio-ariza-ok-ok-03-1024x493.png"},{"@type":"BreadcrumbList","@id":"https:\/\/arizamomblant.com\/contacto\/#breadcrumb","itemListElement":[{"@type":"ListItem","position":1,"name":"Portada","item":"https:\/\/arizamomblant.com\/"},{"@type":"ListItem","position":2,"name":"Contacto"}]},{"@type":"WebSite","@id":"https:\/\/arizamomblant.com\/#website","url":"https:\/\/arizamomblant.com\/","name":"Ariza Momblant","description":"Director y pianista","publisher":{"@id":"https:\/\/arizamomblant.com\/#organization"},"potentialAction":[{"@type":"SearchAction","target":{"@type":"EntryPoint","urlTemplate":"https:\/\/arizamomblant.com\/?s={search_term_string}"},"query-input":{"@type":"PropertyValueSpecification","valueRequired":true,"valueName":"search_term_string"}}],"inLanguage":"en-GB"},{"@type":"Organization","@id":"https:\/\/arizamomblant.com\/#organization","name":"Ariza Momblant","url":"https:\/\/arizamomblant.com\/","logo":{"@type":"ImageObject","inLanguage":"en-GB","@id":"https:\/\/arizamomblant.com\/#\/schema\/logo\/image\/","url":"https:\/\/arizamomblant.com\/wp-content\/uploads\/2022\/06\/cropped-logo-antonio-ariza-ok-ok-03.png","contentUrl":"https:\/\/arizamomblant.com\/wp-content\/uploads\/2022\/06\/cropped-logo-antonio-ariza-ok-ok-03.png","width":5905,"height":2842,"caption":"Ariza Momblant"},"image":{"@id":"https:\/\/arizamomblant.com\/#\/schema\/logo\/image\/"}}]}},"_links":{"self":[{"href":"https:\/\/arizamomblant.com\/en\/wp-json\/wp\/v2\/pages\/692","targetHints":{"allow":["GET"]}}],"collection":[{"href":"https:\/\/arizamomblant.com\/en\/wp-json\/wp\/v2\/pages"}],"about":[{"href":"https:\/\/arizamomblant.com\/en\/wp-json\/wp\/v2\/types\/page"}],"author":[{"embeddable":true,"href":"https:\/\/arizamomblant.com\/en\/wp-json\/wp\/v2\/users\/1"}],"replies":[{"embeddable":true,"href":"https:\/\/arizamomblant.com\/en\/wp-json\/wp\/v2\/comments?post=692"}],"version-history":[{"count":44,"href":"https:\/\/arizamomblant.com\/en\/wp-json\/wp\/v2\/pages\/692\/revisions"}],"predecessor-version":[{"id":1503,"href":"https:\/\/arizamomblant.com\/en\/wp-json\/wp\/v2\/pages\/692\/revisions\/1503"}],"wp:attachment":[{"href":"https:\/\/arizamomblant.com\/en\/wp-json\/wp\/v2\/media?parent=692"}],"curies":[{"name":"wp","href":"https:\/\/api.w.org\/{rel}","templated":true}]}}