{"id":3,"date":"2022-05-22T10:31:24","date_gmt":"2022-05-22T10:31:24","guid":{"rendered":"http:\/\/arizamomblant.com\/?page_id=3"},"modified":"2022-06-30T09:37:42","modified_gmt":"2022-06-30T09:37:42","slug":"politica-privacidad","status":"publish","type":"page","link":"https:\/\/arizamomblant.com\/en\/politica-privacidad\/","title":{"rendered":"Pol\u00edtica de Privacidad"},"content":{"rendered":"<h2 class=\"wp-block-heading\"><\/h2>\n\n\n\n<h2 class=\"wp-block-heading\">Quienes somos<\/h2>\n\n\n\n<p><strong>Texto sugerido:<\/strong>&nbsp;La direcci\u00f3n de nuestro sitio web es: https:\/\/arizamomblant.com.<\/p>\n\n\n\n<h2 class=\"wp-block-heading\">Comentarios<\/h2>\n\n\n\n<p><strong>Texto sugerido:<\/strong>&nbsp;cuando los visitantes dejan comentarios en el sitio, recopilamos los datos que se muestran en el formulario de comentarios, y tambi\u00e9n la direcci\u00f3n IP del visitante y la cadena del agente de usuario del navegador para ayudar a la detecci\u00f3n de spam.<\/p>\n\n\n\n<p>Se puede proporcionar una cadena an\u00f3nima creada a partir de su direcci\u00f3n de correo electr\u00f3nico (tambi\u00e9n llamada hash) al servicio Gravatar para ver si la est\u00e1 utilizando.&nbsp;La pol\u00edtica de privacidad del servicio Gravatar est\u00e1 disponible aqu\u00ed: https:\/\/automattic.com\/privacy\/.&nbsp;Despu\u00e9s de la aprobaci\u00f3n de su comentario, su foto de perfil es visible para el p\u00fablico en el contexto de su comentario.<\/p>\n\n\n\n<h2 class=\"wp-block-heading\">Medios de comunicaci\u00f3n<\/h2>\n\n\n\n<p><strong>Texto sugerido:<\/strong>&nbsp;Si subes im\u00e1genes al sitio web, debes evitar subir im\u00e1genes con datos de ubicaci\u00f3n incrustados (GPS EXIF) incluidos.&nbsp;Los visitantes del sitio web pueden descargar y extraer cualquier dato de ubicaci\u00f3n de las im\u00e1genes del sitio web.<\/p>\n\n\n\n<h2 class=\"wp-block-heading\">Galletas<\/h2>\n\n\n\n<p><strong>Texto sugerido:<\/strong>&nbsp;si deja un comentario en nuestro sitio, puede optar por guardar su nombre, direcci\u00f3n de correo electr\u00f3nico y sitio web en cookies.&nbsp;Estos son para su comodidad, para que no tenga que volver a rellenar sus datos cuando deje otro comentario.&nbsp;Estas cookies tendr\u00e1n una duraci\u00f3n de un a\u00f1o.<\/p>\n\n\n\n<p>Si visita nuestra p\u00e1gina de inicio de sesi\u00f3n, estableceremos una cookie temporal para determinar si su navegador acepta cookies.&nbsp;Esta cookie no contiene datos personales y se descarta cuando cierra su navegador.<\/p>\n\n\n\n<p>Cuando inicie sesi\u00f3n, tambi\u00e9n configuraremos varias cookies para guardar su informaci\u00f3n de inicio de sesi\u00f3n y sus opciones de visualizaci\u00f3n de pantalla.&nbsp;Las cookies de inicio de sesi\u00f3n duran dos d\u00edas y las cookies de opciones de pantalla duran un a\u00f1o.&nbsp;Si selecciona \u00abRecordarme\u00bb, su inicio de sesi\u00f3n persistir\u00e1 durante dos semanas.&nbsp;Si cierra sesi\u00f3n en su cuenta, se eliminar\u00e1n las cookies de inicio de sesi\u00f3n.<\/p>\n\n\n\n<p>Si edita o publica un art\u00edculo, se guardar\u00e1 una cookie adicional en su navegador.&nbsp;Esta cookie no incluye datos personales y simplemente indica el ID de publicaci\u00f3n del art\u00edculo que acaba de editar.&nbsp;Caduca despu\u00e9s de 1 d\u00eda.<\/p>\n\n\n\n<h2 class=\"wp-block-heading\">Contenido incrustado de otros sitios web<\/h2>\n\n\n\n<p><strong>Texto sugerido: los<\/strong>&nbsp;art\u00edculos de este sitio pueden incluir contenido incrustado (por ejemplo, videos, im\u00e1genes, art\u00edculos, etc.).&nbsp;El contenido incrustado de otros sitios web se comporta exactamente de la misma manera que si el visitante hubiera visitado el otro sitio web.<\/p>\n\n\n\n<p>Estos sitios web pueden recopilar datos sobre usted, usar cookies, incrustar un seguimiento adicional de terceros y monitorear su interacci\u00f3n con ese contenido incrustado, incluido el seguimiento de su interacci\u00f3n con el contenido incrustado si tiene una cuenta y ha iniciado sesi\u00f3n en ese sitio web.<\/p>\n\n\n\n<h2 class=\"wp-block-heading\">Con qui\u00e9n compartimos sus datos<\/h2>\n\n\n\n<p><strong>Texto sugerido:<\/strong>&nbsp;si solicita un restablecimiento de contrase\u00f1a, su direcci\u00f3n IP se incluir\u00e1 en el correo electr\u00f3nico de restablecimiento.<\/p>\n\n\n\n<h2 class=\"wp-block-heading\">Cu\u00e1nto tiempo conservamos sus datos<\/h2>\n\n\n\n<p><strong>Texto sugerido:<\/strong>&nbsp;si deja un comentario, el comentario y sus metadatos se conservan indefinidamente.&nbsp;Esto es para que podamos reconocer y aprobar cualquier comentario de seguimiento autom\u00e1ticamente en lugar de mantenerlos en una cola de moderaci\u00f3n.<\/p>\n\n\n\n<p>Para los usuarios que se registran en nuestro sitio web (si los hay), tambi\u00e9n almacenamos la informaci\u00f3n personal que proporcionan en su perfil de usuario.&nbsp;Todos los usuarios pueden ver, editar o eliminar su informaci\u00f3n personal en cualquier momento (excepto que no pueden cambiar su nombre de usuario).&nbsp;Los administradores del sitio web tambi\u00e9n pueden ver y editar esa informaci\u00f3n.<\/p>\n\n\n\n<h2 class=\"wp-block-heading\">Qu\u00e9 derechos tienes sobre tus datos<\/h2>\n\n\n\n<p><strong>Texto sugerido:<\/strong>&nbsp;si tiene una cuenta en este sitio o ha dejado comentarios, puede solicitar recibir un archivo exportado de los datos personales que tenemos sobre usted, incluidos los datos que nos haya proporcionado.&nbsp;Tambi\u00e9n puede solicitar que eliminemos cualquier dato personal que tengamos sobre usted.&nbsp;Esto no incluye ning\u00fan dato que estemos obligados a conservar con fines administrativos, legales o de seguridad.<\/p>\n\n\n\n<h2 class=\"wp-block-heading\">Donde enviamos tus datos<\/h2>\n\n\n\n<p><strong>Texto sugerido:<\/strong>&nbsp;Es posible que los comentarios de los visitantes los revise un servicio de detecci\u00f3n autom\u00e1tica de spam.<\/p>","protected":false},"excerpt":{"rendered":"<p>Quienes somos Texto sugerido:&nbsp;La direcci\u00f3n de nuestro sitio web es: https:\/\/arizamomblant.com. Comentarios Texto sugerido:&nbsp;cuando los visitantes dejan comentarios en el sitio, recopilamos los datos que se muestran en el formulario [&hellip;]<\/p>\n","protected":false},"author":1,"featured_media":0,"parent":0,"menu_order":0,"comment_status":"closed","ping_status":"open","template":"","meta":{"ocean_post_layout":"","ocean_both_sidebars_style":"","ocean_both_sidebars_content_width":0,"ocean_both_sidebars_sidebars_width":0,"ocean_sidebar":"0","ocean_second_sidebar":"0","ocean_disable_margins":"enable","ocean_add_body_class":"","ocean_shortcode_before_top_bar":"","ocean_shortcode_after_top_bar":"","ocean_shortcode_before_header":"","ocean_shortcode_after_header":"","ocean_has_shortcode":"","ocean_shortcode_after_title":"","ocean_shortcode_before_footer_widgets":"","ocean_shortcode_after_footer_widgets":"","ocean_shortcode_before_footer_bottom":"","ocean_shortcode_after_footer_bottom":"","ocean_display_top_bar":"default","ocean_display_header":"default","ocean_header_style":"","ocean_center_header_left_menu":"0","ocean_custom_header_template":"0","ocean_custom_logo":0,"ocean_custom_retina_logo":0,"ocean_custom_logo_max_width":0,"ocean_custom_logo_tablet_max_width":0,"ocean_custom_logo_mobile_max_width":0,"ocean_custom_logo_max_height":0,"ocean_custom_logo_tablet_max_height":0,"ocean_custom_logo_mobile_max_height":0,"ocean_header_custom_menu":"0","ocean_menu_typo_font_family":"0","ocean_menu_typo_font_subset":"","ocean_menu_typo_font_size":0,"ocean_menu_typo_font_size_tablet":0,"ocean_menu_typo_font_size_mobile":0,"ocean_menu_typo_font_size_unit":"px","ocean_menu_typo_font_weight":"","ocean_menu_typo_font_weight_tablet":"","ocean_menu_typo_font_weight_mobile":"","ocean_menu_typo_transform":"","ocean_menu_typo_transform_tablet":"","ocean_menu_typo_transform_mobile":"","ocean_menu_typo_line_height":0,"ocean_menu_typo_line_height_tablet":0,"ocean_menu_typo_line_height_mobile":0,"ocean_menu_typo_line_height_unit":"","ocean_menu_typo_spacing":0,"ocean_menu_typo_spacing_tablet":0,"ocean_menu_typo_spacing_mobile":0,"ocean_menu_typo_spacing_unit":"","ocean_menu_link_color":"","ocean_menu_link_color_hover":"","ocean_menu_link_color_active":"","ocean_menu_link_background":"","ocean_menu_link_hover_background":"","ocean_menu_link_active_background":"","ocean_menu_social_links_bg":"","ocean_menu_social_hover_links_bg":"","ocean_menu_social_links_color":"","ocean_menu_social_hover_links_color":"","ocean_disable_title":"default","ocean_disable_heading":"default","ocean_post_title":"","ocean_post_subheading":"","ocean_post_title_style":"","ocean_post_title_background_color":"","ocean_post_title_background":0,"ocean_post_title_bg_image_position":"","ocean_post_title_bg_image_attachment":"","ocean_post_title_bg_image_repeat":"","ocean_post_title_bg_image_size":"","ocean_post_title_height":0,"ocean_post_title_bg_overlay":0.5,"ocean_post_title_bg_overlay_color":"","ocean_disable_breadcrumbs":"default","ocean_breadcrumbs_color":"","ocean_breadcrumbs_separator_color":"","ocean_breadcrumbs_links_color":"","ocean_breadcrumbs_links_hover_color":"","ocean_display_footer_widgets":"default","ocean_display_footer_bottom":"default","ocean_custom_footer_template":"0","footnotes":""},"class_list":["post-3","page","type-page","status-publish","hentry","entry"],"yoast_head":"<!-- This site is optimized with the Yoast SEO plugin v27.3 - https:\/\/yoast.com\/product\/yoast-seo-wordpress\/ -->\n<title>Pol\u00edtica de Privacidad - Ariza Momblant<\/title>\n<meta name=\"robots\" content=\"index, follow, max-snippet:-1, max-image-preview:large, max-video-preview:-1\" \/>\n<link rel=\"canonical\" href=\"https:\/\/arizamomblant.com\/en\/politica-privacidad\/\" \/>\n<meta property=\"og:locale\" content=\"en_GB\" \/>\n<meta property=\"og:type\" content=\"article\" \/>\n<meta property=\"og:title\" content=\"Pol\u00edtica de Privacidad - Ariza Momblant\" \/>\n<meta property=\"og:description\" content=\"Quienes somos Texto sugerido:&nbsp;La direcci\u00f3n de nuestro sitio web es: https:\/\/arizamomblant.com. Comentarios Texto sugerido:&nbsp;cuando los visitantes dejan comentarios en el sitio, recopilamos los datos que se muestran en el formulario [&hellip;]\" \/>\n<meta property=\"og:url\" content=\"https:\/\/arizamomblant.com\/en\/politica-privacidad\/\" \/>\n<meta property=\"og:site_name\" content=\"Ariza Momblant\" \/>\n<meta property=\"article:modified_time\" content=\"2022-06-30T09:37:42+00:00\" \/>\n<meta name=\"twitter:card\" content=\"summary_large_image\" \/>\n<meta name=\"twitter:label1\" content=\"Estimated reading time\" \/>\n\t<meta name=\"twitter:data1\" content=\"4 minutes\" \/>\n<script type=\"application\/ld+json\" class=\"yoast-schema-graph\">{\"@context\":\"https:\\\/\\\/schema.org\",\"@graph\":[{\"@type\":\"WebPage\",\"@id\":\"https:\\\/\\\/arizamomblant.com\\\/politica-privacidad\\\/\",\"url\":\"https:\\\/\\\/arizamomblant.com\\\/politica-privacidad\\\/\",\"name\":\"Pol\u00edtica de Privacidad - Ariza Momblant\",\"isPartOf\":{\"@id\":\"https:\\\/\\\/arizamomblant.com\\\/#website\"},\"datePublished\":\"2022-05-22T10:31:24+00:00\",\"dateModified\":\"2022-06-30T09:37:42+00:00\",\"breadcrumb\":{\"@id\":\"https:\\\/\\\/arizamomblant.com\\\/politica-privacidad\\\/#breadcrumb\"},\"inLanguage\":\"en-GB\",\"potentialAction\":[{\"@type\":\"ReadAction\",\"target\":[\"https:\\\/\\\/arizamomblant.com\\\/politica-privacidad\\\/\"]}]},{\"@type\":\"BreadcrumbList\",\"@id\":\"https:\\\/\\\/arizamomblant.com\\\/politica-privacidad\\\/#breadcrumb\",\"itemListElement\":[{\"@type\":\"ListItem\",\"position\":1,\"name\":\"Portada\",\"item\":\"https:\\\/\\\/arizamomblant.com\\\/\"},{\"@type\":\"ListItem\",\"position\":2,\"name\":\"Pol\u00edtica de Privacidad\"}]},{\"@type\":\"WebSite\",\"@id\":\"https:\\\/\\\/arizamomblant.com\\\/#website\",\"url\":\"https:\\\/\\\/arizamomblant.com\\\/\",\"name\":\"Ariza Momblant\",\"description\":\"Director y pianista\",\"publisher\":{\"@id\":\"https:\\\/\\\/arizamomblant.com\\\/#organization\"},\"potentialAction\":[{\"@type\":\"SearchAction\",\"target\":{\"@type\":\"EntryPoint\",\"urlTemplate\":\"https:\\\/\\\/arizamomblant.com\\\/?s={search_term_string}\"},\"query-input\":{\"@type\":\"PropertyValueSpecification\",\"valueRequired\":true,\"valueName\":\"search_term_string\"}}],\"inLanguage\":\"en-GB\"},{\"@type\":\"Organization\",\"@id\":\"https:\\\/\\\/arizamomblant.com\\\/#organization\",\"name\":\"Ariza Momblant\",\"url\":\"https:\\\/\\\/arizamomblant.com\\\/\",\"logo\":{\"@type\":\"ImageObject\",\"inLanguage\":\"en-GB\",\"@id\":\"https:\\\/\\\/arizamomblant.com\\\/#\\\/schema\\\/logo\\\/image\\\/\",\"url\":\"https:\\\/\\\/arizamomblant.com\\\/wp-content\\\/uploads\\\/2022\\\/06\\\/cropped-logo-antonio-ariza-ok-ok-03.png\",\"contentUrl\":\"https:\\\/\\\/arizamomblant.com\\\/wp-content\\\/uploads\\\/2022\\\/06\\\/cropped-logo-antonio-ariza-ok-ok-03.png\",\"width\":5905,\"height\":2842,\"caption\":\"Ariza Momblant\"},\"image\":{\"@id\":\"https:\\\/\\\/arizamomblant.com\\\/#\\\/schema\\\/logo\\\/image\\\/\"}}]}<\/script>\n<!-- \/ Yoast SEO plugin. -->","yoast_head_json":{"title":"Pol\u00edtica de Privacidad - Ariza Momblant","robots":{"index":"index","follow":"follow","max-snippet":"max-snippet:-1","max-image-preview":"max-image-preview:large","max-video-preview":"max-video-preview:-1"},"canonical":"https:\/\/arizamomblant.com\/en\/politica-privacidad\/","og_locale":"en_GB","og_type":"article","og_title":"Pol\u00edtica de Privacidad - Ariza Momblant","og_description":"Quienes somos Texto sugerido:&nbsp;La direcci\u00f3n de nuestro sitio web es: https:\/\/arizamomblant.com. Comentarios Texto sugerido:&nbsp;cuando los visitantes dejan comentarios en el sitio, recopilamos los datos que se muestran en el formulario [&hellip;]","og_url":"https:\/\/arizamomblant.com\/en\/politica-privacidad\/","og_site_name":"Ariza Momblant","article_modified_time":"2022-06-30T09:37:42+00:00","twitter_card":"summary_large_image","twitter_misc":{"Estimated reading time":"4 minutes"},"schema":{"@context":"https:\/\/schema.org","@graph":[{"@type":"WebPage","@id":"https:\/\/arizamomblant.com\/politica-privacidad\/","url":"https:\/\/arizamomblant.com\/politica-privacidad\/","name":"Pol\u00edtica de Privacidad - Ariza Momblant","isPartOf":{"@id":"https:\/\/arizamomblant.com\/#website"},"datePublished":"2022-05-22T10:31:24+00:00","dateModified":"2022-06-30T09:37:42+00:00","breadcrumb":{"@id":"https:\/\/arizamomblant.com\/politica-privacidad\/#breadcrumb"},"inLanguage":"en-GB","potentialAction":[{"@type":"ReadAction","target":["https:\/\/arizamomblant.com\/politica-privacidad\/"]}]},{"@type":"BreadcrumbList","@id":"https:\/\/arizamomblant.com\/politica-privacidad\/#breadcrumb","itemListElement":[{"@type":"ListItem","position":1,"name":"Portada","item":"https:\/\/arizamomblant.com\/"},{"@type":"ListItem","position":2,"name":"Pol\u00edtica de Privacidad"}]},{"@type":"WebSite","@id":"https:\/\/arizamomblant.com\/#website","url":"https:\/\/arizamomblant.com\/","name":"Ariza Momblant","description":"Director y pianista","publisher":{"@id":"https:\/\/arizamomblant.com\/#organization"},"potentialAction":[{"@type":"SearchAction","target":{"@type":"EntryPoint","urlTemplate":"https:\/\/arizamomblant.com\/?s={search_term_string}"},"query-input":{"@type":"PropertyValueSpecification","valueRequired":true,"valueName":"search_term_string"}}],"inLanguage":"en-GB"},{"@type":"Organization","@id":"https:\/\/arizamomblant.com\/#organization","name":"Ariza Momblant","url":"https:\/\/arizamomblant.com\/","logo":{"@type":"ImageObject","inLanguage":"en-GB","@id":"https:\/\/arizamomblant.com\/#\/schema\/logo\/image\/","url":"https:\/\/arizamomblant.com\/wp-content\/uploads\/2022\/06\/cropped-logo-antonio-ariza-ok-ok-03.png","contentUrl":"https:\/\/arizamomblant.com\/wp-content\/uploads\/2022\/06\/cropped-logo-antonio-ariza-ok-ok-03.png","width":5905,"height":2842,"caption":"Ariza Momblant"},"image":{"@id":"https:\/\/arizamomblant.com\/#\/schema\/logo\/image\/"}}]}},"_links":{"self":[{"href":"https:\/\/arizamomblant.com\/en\/wp-json\/wp\/v2\/pages\/3","targetHints":{"allow":["GET"]}}],"collection":[{"href":"https:\/\/arizamomblant.com\/en\/wp-json\/wp\/v2\/pages"}],"about":[{"href":"https:\/\/arizamomblant.com\/en\/wp-json\/wp\/v2\/types\/page"}],"author":[{"embeddable":true,"href":"https:\/\/arizamomblant.com\/en\/wp-json\/wp\/v2\/users\/1"}],"replies":[{"embeddable":true,"href":"https:\/\/arizamomblant.com\/en\/wp-json\/wp\/v2\/comments?post=3"}],"version-history":[{"count":2,"href":"https:\/\/arizamomblant.com\/en\/wp-json\/wp\/v2\/pages\/3\/revisions"}],"predecessor-version":[{"id":1126,"href":"https:\/\/arizamomblant.com\/en\/wp-json\/wp\/v2\/pages\/3\/revisions\/1126"}],"wp:attachment":[{"href":"https:\/\/arizamomblant.com\/en\/wp-json\/wp\/v2\/media?parent=3"}],"curies":[{"name":"wp","href":"https:\/\/api.w.org\/{rel}","templated":true}]}}