{"id":1214,"date":"2022-06-30T19:03:58","date_gmt":"2022-06-30T19:03:58","guid":{"rendered":"https:\/\/arizamomblant.com\/?page_id=1214"},"modified":"2022-08-22T07:56:44","modified_gmt":"2022-08-22T07:56:44","slug":"libro-alfredo-martos","status":"publish","type":"page","link":"https:\/\/arizamomblant.com\/en\/libro-alfredo-martos\/","title":{"rendered":"Book \u00abAlfredo Martos\u00bb"},"content":{"rendered":"<div data-elementor-type=\"wp-page\" data-elementor-id=\"1214\" class=\"elementor elementor-1214\" data-elementor-post-type=\"page\">\n\t\t\t\t\t\t<section class=\"elementor-section elementor-top-section elementor-element elementor-element-e410c27 elementor-section-full_width elementor-section-height-default elementor-section-height-default\" data-id=\"e410c27\" data-element_type=\"section\" data-e-type=\"section\">\n\t\t\t\t\t\t\t<div class=\"elementor-background-overlay\"><\/div>\n\t\t\t\t\t\t\t<div class=\"elementor-container elementor-column-gap-no\">\n\t\t\t\t\t<div class=\"elementor-column elementor-col-100 elementor-top-column elementor-element elementor-element-7d0f570b\" data-id=\"7d0f570b\" data-element_type=\"column\" data-e-type=\"column\">\n\t\t\t<div class=\"elementor-widget-wrap elementor-element-populated\">\n\t\t\t\t\t\t<div class=\"elementor-element elementor-element-76ec3296 elementor-invisible elementor-widget elementor-widget-heading\" data-id=\"76ec3296\" data-element_type=\"widget\" data-e-type=\"widget\" data-settings=\"{&quot;_animation&quot;:&quot;fadeIn&quot;}\" data-widget_type=\"heading.default\">\n\t\t\t\t<div class=\"elementor-widget-container\">\n\t\t\t\t\t<h2 class=\"elementor-heading-title elementor-size-default\">Libro<\/h2>\t\t\t\t<\/div>\n\t\t\t\t<\/div>\n\t\t\t\t<div class=\"elementor-element elementor-element-299e3d4b elementor-invisible elementor-widget elementor-widget-heading\" data-id=\"299e3d4b\" data-element_type=\"widget\" data-e-type=\"widget\" data-settings=\"{&quot;_animation&quot;:&quot;fadeIn&quot;}\" data-widget_type=\"heading.default\">\n\t\t\t\t<div class=\"elementor-widget-container\">\n\t\t\t\t\t<h2 class=\"elementor-heading-title elementor-size-default\">Alfredo martos \"el maestro\"<\/h2>\t\t\t\t<\/div>\n\t\t\t\t<\/div>\n\t\t\t\t<div class=\"elementor-element elementor-element-2dcb471d elementor-widget-divider--view-line elementor-invisible elementor-widget elementor-widget-divider\" data-id=\"2dcb471d\" data-element_type=\"widget\" data-e-type=\"widget\" data-settings=\"{&quot;_animation&quot;:&quot;fadeInRight&quot;,&quot;_animation_delay&quot;:&quot;300&quot;}\" data-widget_type=\"divider.default\">\n\t\t\t\t<div class=\"elementor-widget-container\">\n\t\t\t\t\t\t\t<div class=\"elementor-divider\">\n\t\t\t<span class=\"elementor-divider-separator\">\n\t\t\t\t\t\t<\/span>\n\t\t<\/div>\n\t\t\t\t\t\t<\/div>\n\t\t\t\t<\/div>\n\t\t\t\t<div class=\"elementor-element elementor-element-23616020 elementor-widget elementor-widget-text-editor\" data-id=\"23616020\" data-element_type=\"widget\" data-e-type=\"widget\" data-widget_type=\"text-editor.default\">\n\t\t\t\t<div class=\"elementor-widget-container\">\n\t\t\t\t\t\t\t\t\t<p style=\"font-variant-ligatures: normal; font-variant-caps: normal; font-family: Poppins; font-size: 15px; font-style: normal; font-weight: 400; text-align: justify;\"><span style=\"vertical-align: inherit; font-size: 15px;\">This volumn, \u201cAlfredo Martos G\u00f3mez, El Maestro\u201d, came into being as the result of musicological research carried out for the International\nUniversity of Andalusia and the University of Granada.<\/span><\/p>\n<p style=\"font-variant-ligatures: normal; font-variant-caps: normal; font-family: Poppins; font-size: 15px; font-style: normal; font-weight: 400; text-align: justify;\"><span style=\"vertical-align: inherit; font-size: 15px;\">The book presentation was held at the Salesian School of Linares on August 31st, 2013, together with a concert given by the Musical\nAssociation of Linares 1875, directed by Francisco Infantes, in which works by Alfredo Martos were performed.<\/span><\/p>\n<p style=\"font-variant-ligatures: normal; font-variant-caps: normal; font-family: Poppins; font-size: 15px; font-style: normal; font-weight: 400; text-align: justify;\"><span style=\"vertical-align: inherit; font-size: 15px;\">The Municipal Band has been a fundamental part of the musical identity of the city of Linares for many years and the distinguished figure of\nAlfredo Martos G\u00f3mez has helped it shine with its own light thanks to his work as its leader for around forty years.<\/span><\/p>\n<p style=\"font-variant-ligatures: normal; font-variant-caps: normal; font-family: Poppins; font-size: 15px; font-style: normal; font-weight: 400; text-align: justify;\"><span style=\"vertical-align: inherit; font-size: 15px;\">Alfredo Martos was a highly appreciated composer in his own lifetime, not only in the province of Ja\u00e9n, but also at national level. His works\ninclude zarzuelas, pasodobles, funeral marches and music for brass bands.<\/span><\/p>\n<p style=\"font-variant-ligatures: normal; font-variant-caps: normal; font-family: Poppins; font-size: 15px; font-style: normal; font-weight: 400; text-align: justify;\"><span style=\"vertical-align: inherit; font-size: 15px;\">The research into the figure of Alfredo Martos stems from the need to catalogue his musical work with the aim of completing the list of works\ncomposed by him to form a provisional catalogue and biography to bring both his life and music to a wider audience.&nbsp;<\/span><\/p>\n<p style=\"font-variant-ligatures: normal; font-variant-caps: normal; font-family: Poppins; font-size: 15px; font-style: normal; font-weight: 400; text-align: justify;\"><span style=\"vertical-align: inherit; font-size: 15px;\">The book can be purchased at:<\/span><\/p>\n<p style=\"font-variant-ligatures: normal; font-variant-caps: normal; font-family: Poppins; font-size: 15px; font-style: normal; font-weight: 400; text-align: justify;\"><a style=\"font-size: 15px;\" href=\"https:\/\/www.entre-libros.com\/libro\/alfredo-martos-el-maestro_599249\" target=\"_blank\" rel=\"noopener\" data-saferedirecturl=\"https:\/\/www.google.com\/url?q=https:\/\/www.entre-libros.com\/libro\/alfredo-martos-el-maestro_599249&amp;source=gmail&amp;ust=1655465560499000&amp;usg=AOvVaw0BctBHbKONnyLyFjGkMSfY\"><span style=\"vertical-align: inherit; font-size: 15px;\"><span style=\"vertical-align: inherit; font-size: 15px;\"><span style=\"text-decoration: underline;\"><span style=\"color: #ffffff; text-decoration: underline;\">https:\/\/www.entre-libros.com\/<\/span><\/span><\/span><\/span><span style=\"text-decoration: underline;\"><span style=\"color: #ffffff; text-decoration: underline;\"><wbr><span style=\"vertical-align: inherit; font-size: 15px;\"><span style=\"vertical-align: inherit; font-size: 15px;\">libro\/alfredo-martos-el-<\/span><\/span><wbr><span style=\"vertical-align: inherit; font-size: 15px;\"><span style=\"vertical-align: inherit; font-size: 15px;\">maestro_599249<\/span><\/span><\/span><\/span><\/a><\/p>\t\t\t\t\t\t\t\t<\/div>\n\t\t\t\t<\/div>\n\t\t\t\t<div class=\"elementor-element elementor-element-324aa859 elementor-widget elementor-widget-gallery\" data-id=\"324aa859\" data-element_type=\"widget\" data-e-type=\"widget\" data-settings=\"{&quot;gallery_layout&quot;:&quot;justified&quot;,&quot;ideal_row_height&quot;:{&quot;unit&quot;:&quot;px&quot;,&quot;size&quot;:447,&quot;sizes&quot;:[]},&quot;gap&quot;:{&quot;unit&quot;:&quot;px&quot;,&quot;size&quot;:9,&quot;sizes&quot;:[]},&quot;lazyload&quot;:&quot;yes&quot;,&quot;ideal_row_height_tablet&quot;:{&quot;unit&quot;:&quot;px&quot;,&quot;size&quot;:150,&quot;sizes&quot;:[]},&quot;ideal_row_height_mobile&quot;:{&quot;unit&quot;:&quot;px&quot;,&quot;size&quot;:150,&quot;sizes&quot;:[]},&quot;gap_tablet&quot;:{&quot;unit&quot;:&quot;px&quot;,&quot;size&quot;:10,&quot;sizes&quot;:[]},&quot;gap_mobile&quot;:{&quot;unit&quot;:&quot;px&quot;,&quot;size&quot;:10,&quot;sizes&quot;:[]},&quot;link_to&quot;:&quot;file&quot;,&quot;overlay_background&quot;:&quot;yes&quot;,&quot;content_hover_animation&quot;:&quot;fade-in&quot;}\" data-widget_type=\"gallery.default\">\n\t\t\t\t<div class=\"elementor-widget-container\">\n\t\t\t\t\t\t\t<div class=\"elementor-gallery__container\">\n\t\t\t\t\t\t\t<a class=\"e-gallery-item elementor-gallery-item elementor-animated-content\" href=\"https:\/\/arizamomblant.com\/wp-content\/uploads\/2022\/06\/64328_10151639620588462_596028674_n.jpg\" data-elementor-open-lightbox=\"yes\" data-elementor-lightbox-slideshow=\"324aa859\" data-e-action-hash=\"#elementor-action%3Aaction%3Dlightbox%26settings%3DeyJpZCI6MTA4OCwidXJsIjoiaHR0cHM6XC9cL2FyaXphbW9tYmxhbnQuY29tXC93cC1jb250ZW50XC91cGxvYWRzXC8yMDIyXC8wNlwvNjQzMjhfMTAxNTE2Mzk2MjA1ODg0NjJfNTk2MDI4Njc0X24uanBnIiwic2xpZGVzaG93IjoiMzI0YWE4NTkifQ%3D%3D\">\n\t\t\t\t\t<div class=\"e-gallery-image elementor-gallery-item__image\" data-thumbnail=\"https:\/\/arizamomblant.com\/wp-content\/uploads\/2022\/06\/64328_10151639620588462_596028674_n.jpg\" data-width=\"641\" data-height=\"960\" aria-label=\"\" role=\"img\" ><\/div>\n\t\t\t\t\t\t\t\t\t\t\t<div class=\"elementor-gallery-item__overlay\"><\/div>\n\t\t\t\t\t\t\t\t\t\t\t\t\t\t<\/a>\n\t\t\t\t\t\t\t<a class=\"e-gallery-item elementor-gallery-item elementor-animated-content\" href=\"https:\/\/arizamomblant.com\/wp-content\/uploads\/2022\/06\/1098522_10151684367798462_701346243_n.jpg\" data-elementor-open-lightbox=\"yes\" data-elementor-lightbox-slideshow=\"324aa859\" data-e-action-hash=\"#elementor-action%3Aaction%3Dlightbox%26settings%3DeyJpZCI6MTA4NywidXJsIjoiaHR0cHM6XC9cL2FyaXphbW9tYmxhbnQuY29tXC93cC1jb250ZW50XC91cGxvYWRzXC8yMDIyXC8wNlwvMTA5ODUyMl8xMDE1MTY4NDM2Nzc5ODQ2Ml83MDEzNDYyNDNfbi5qcGciLCJzbGlkZXNob3ciOiIzMjRhYTg1OSJ9\">\n\t\t\t\t\t<div class=\"e-gallery-image elementor-gallery-item__image\" data-thumbnail=\"https:\/\/arizamomblant.com\/wp-content\/uploads\/2022\/06\/1098522_10151684367798462_701346243_n-768x528.jpg\" data-width=\"768\" data-height=\"528\" aria-label=\"\" role=\"img\" ><\/div>\n\t\t\t\t\t\t\t\t\t\t\t<div class=\"elementor-gallery-item__overlay\"><\/div>\n\t\t\t\t\t\t\t\t\t\t\t\t\t\t<\/a>\n\t\t\t\t\t<\/div>\n\t\t\t\t\t<\/div>\n\t\t\t\t<\/div>\n\t\t\t\t\t<\/div>\n\t\t<\/div>\n\t\t\t\t\t<\/div>\n\t\t<\/section>\n\t\t\t\t<\/div>","protected":false},"excerpt":{"rendered":"<p>Libro Alfredo martos \u00abel maestro\u00bb Fruto de la investigaci\u00f3n musicol\u00f3gica realizada para la Universidad Internacional de Andaluc\u00eda y la Universidad de Granada, nace este libro sobre el director de banda [&hellip;]<\/p>\n","protected":false},"author":1,"featured_media":0,"parent":0,"menu_order":0,"comment_status":"closed","ping_status":"closed","template":"elementor_header_footer","meta":{"ocean_post_layout":"","ocean_both_sidebars_style":"","ocean_both_sidebars_content_width":0,"ocean_both_sidebars_sidebars_width":0,"ocean_sidebar":"0","ocean_second_sidebar":"0","ocean_disable_margins":"enable","ocean_add_body_class":"","ocean_shortcode_before_top_bar":"","ocean_shortcode_after_top_bar":"","ocean_shortcode_before_header":"","ocean_shortcode_after_header":"","ocean_has_shortcode":"","ocean_shortcode_after_title":"","ocean_shortcode_before_footer_widgets":"","ocean_shortcode_after_footer_widgets":"","ocean_shortcode_before_footer_bottom":"","ocean_shortcode_after_footer_bottom":"","ocean_display_top_bar":"default","ocean_display_header":"default","ocean_header_style":"","ocean_center_header_left_menu":"0","ocean_custom_header_template":"0","ocean_custom_logo":0,"ocean_custom_retina_logo":0,"ocean_custom_logo_max_width":0,"ocean_custom_logo_tablet_max_width":0,"ocean_custom_logo_mobile_max_width":0,"ocean_custom_logo_max_height":0,"ocean_custom_logo_tablet_max_height":0,"ocean_custom_logo_mobile_max_height":0,"ocean_header_custom_menu":"0","ocean_menu_typo_font_family":"0","ocean_menu_typo_font_subset":"","ocean_menu_typo_font_size":0,"ocean_menu_typo_font_size_tablet":0,"ocean_menu_typo_font_size_mobile":0,"ocean_menu_typo_font_size_unit":"px","ocean_menu_typo_font_weight":"","ocean_menu_typo_font_weight_tablet":"","ocean_menu_typo_font_weight_mobile":"","ocean_menu_typo_transform":"","ocean_menu_typo_transform_tablet":"","ocean_menu_typo_transform_mobile":"","ocean_menu_typo_line_height":0,"ocean_menu_typo_line_height_tablet":0,"ocean_menu_typo_line_height_mobile":0,"ocean_menu_typo_line_height_unit":"","ocean_menu_typo_spacing":0,"ocean_menu_typo_spacing_tablet":0,"ocean_menu_typo_spacing_mobile":0,"ocean_menu_typo_spacing_unit":"","ocean_menu_link_color":"","ocean_menu_link_color_hover":"","ocean_menu_link_color_active":"","ocean_menu_link_background":"","ocean_menu_link_hover_background":"","ocean_menu_link_active_background":"","ocean_menu_social_links_bg":"","ocean_menu_social_hover_links_bg":"","ocean_menu_social_links_color":"","ocean_menu_social_hover_links_color":"","ocean_disable_title":"default","ocean_disable_heading":"default","ocean_post_title":"","ocean_post_subheading":"","ocean_post_title_style":"","ocean_post_title_background_color":"","ocean_post_title_background":0,"ocean_post_title_bg_image_position":"","ocean_post_title_bg_image_attachment":"","ocean_post_title_bg_image_repeat":"","ocean_post_title_bg_image_size":"","ocean_post_title_height":0,"ocean_post_title_bg_overlay":0.5,"ocean_post_title_bg_overlay_color":"","ocean_disable_breadcrumbs":"default","ocean_breadcrumbs_color":"","ocean_breadcrumbs_separator_color":"","ocean_breadcrumbs_links_color":"","ocean_breadcrumbs_links_hover_color":"","ocean_display_footer_widgets":"default","ocean_display_footer_bottom":"default","ocean_custom_footer_template":"0","footnotes":""},"class_list":["post-1214","page","type-page","status-publish","hentry","entry"],"yoast_head":"<!-- This site is optimized with the Yoast SEO plugin v27.3 - https:\/\/yoast.com\/product\/yoast-seo-wordpress\/ -->\n<title>Libro &quot;Alfredo Martos&quot; - Ariza Momblant<\/title>\n<meta name=\"robots\" content=\"index, follow, max-snippet:-1, max-image-preview:large, max-video-preview:-1\" \/>\n<link rel=\"canonical\" href=\"https:\/\/arizamomblant.com\/en\/libro-alfredo-martos\/\" \/>\n<meta property=\"og:locale\" content=\"en_GB\" \/>\n<meta property=\"og:type\" content=\"article\" \/>\n<meta property=\"og:title\" content=\"Libro &quot;Alfredo Martos&quot; - Ariza Momblant\" \/>\n<meta property=\"og:description\" content=\"Libro Alfredo martos \u00abel maestro\u00bb Fruto de la investigaci\u00f3n musicol\u00f3gica realizada para la Universidad Internacional de Andaluc\u00eda y la Universidad de Granada, nace este libro sobre el director de banda [&hellip;]\" \/>\n<meta property=\"og:url\" content=\"https:\/\/arizamomblant.com\/en\/libro-alfredo-martos\/\" \/>\n<meta property=\"og:site_name\" content=\"Ariza Momblant\" \/>\n<meta property=\"article:modified_time\" content=\"2022-08-22T07:56:44+00:00\" \/>\n<meta name=\"twitter:card\" content=\"summary_large_image\" \/>\n<meta name=\"twitter:label1\" content=\"Estimated reading time\" \/>\n\t<meta name=\"twitter:data1\" content=\"2 minutes\" \/>\n<script type=\"application\/ld+json\" class=\"yoast-schema-graph\">{\"@context\":\"https:\\\/\\\/schema.org\",\"@graph\":[{\"@type\":\"WebPage\",\"@id\":\"https:\\\/\\\/arizamomblant.com\\\/libro-alfredo-martos\\\/\",\"url\":\"https:\\\/\\\/arizamomblant.com\\\/libro-alfredo-martos\\\/\",\"name\":\"Libro \\\"Alfredo Martos\\\" - Ariza Momblant\",\"isPartOf\":{\"@id\":\"https:\\\/\\\/arizamomblant.com\\\/#website\"},\"datePublished\":\"2022-06-30T19:03:58+00:00\",\"dateModified\":\"2022-08-22T07:56:44+00:00\",\"breadcrumb\":{\"@id\":\"https:\\\/\\\/arizamomblant.com\\\/libro-alfredo-martos\\\/#breadcrumb\"},\"inLanguage\":\"en-GB\",\"potentialAction\":[{\"@type\":\"ReadAction\",\"target\":[\"https:\\\/\\\/arizamomblant.com\\\/libro-alfredo-martos\\\/\"]}]},{\"@type\":\"BreadcrumbList\",\"@id\":\"https:\\\/\\\/arizamomblant.com\\\/libro-alfredo-martos\\\/#breadcrumb\",\"itemListElement\":[{\"@type\":\"ListItem\",\"position\":1,\"name\":\"Portada\",\"item\":\"https:\\\/\\\/arizamomblant.com\\\/\"},{\"@type\":\"ListItem\",\"position\":2,\"name\":\"Libro \u00abAlfredo Martos\u00bb\"}]},{\"@type\":\"WebSite\",\"@id\":\"https:\\\/\\\/arizamomblant.com\\\/#website\",\"url\":\"https:\\\/\\\/arizamomblant.com\\\/\",\"name\":\"Ariza Momblant\",\"description\":\"Director y pianista\",\"publisher\":{\"@id\":\"https:\\\/\\\/arizamomblant.com\\\/#organization\"},\"potentialAction\":[{\"@type\":\"SearchAction\",\"target\":{\"@type\":\"EntryPoint\",\"urlTemplate\":\"https:\\\/\\\/arizamomblant.com\\\/?s={search_term_string}\"},\"query-input\":{\"@type\":\"PropertyValueSpecification\",\"valueRequired\":true,\"valueName\":\"search_term_string\"}}],\"inLanguage\":\"en-GB\"},{\"@type\":\"Organization\",\"@id\":\"https:\\\/\\\/arizamomblant.com\\\/#organization\",\"name\":\"Ariza Momblant\",\"url\":\"https:\\\/\\\/arizamomblant.com\\\/\",\"logo\":{\"@type\":\"ImageObject\",\"inLanguage\":\"en-GB\",\"@id\":\"https:\\\/\\\/arizamomblant.com\\\/#\\\/schema\\\/logo\\\/image\\\/\",\"url\":\"https:\\\/\\\/arizamomblant.com\\\/wp-content\\\/uploads\\\/2022\\\/06\\\/cropped-logo-antonio-ariza-ok-ok-03.png\",\"contentUrl\":\"https:\\\/\\\/arizamomblant.com\\\/wp-content\\\/uploads\\\/2022\\\/06\\\/cropped-logo-antonio-ariza-ok-ok-03.png\",\"width\":5905,\"height\":2842,\"caption\":\"Ariza Momblant\"},\"image\":{\"@id\":\"https:\\\/\\\/arizamomblant.com\\\/#\\\/schema\\\/logo\\\/image\\\/\"}}]}<\/script>\n<!-- \/ Yoast SEO plugin. -->","yoast_head_json":{"title":"Libro \"Alfredo Martos\" - Ariza Momblant","robots":{"index":"index","follow":"follow","max-snippet":"max-snippet:-1","max-image-preview":"max-image-preview:large","max-video-preview":"max-video-preview:-1"},"canonical":"https:\/\/arizamomblant.com\/en\/libro-alfredo-martos\/","og_locale":"en_GB","og_type":"article","og_title":"Libro \"Alfredo Martos\" - Ariza Momblant","og_description":"Libro Alfredo martos \u00abel maestro\u00bb Fruto de la investigaci\u00f3n musicol\u00f3gica realizada para la Universidad Internacional de Andaluc\u00eda y la Universidad de Granada, nace este libro sobre el director de banda [&hellip;]","og_url":"https:\/\/arizamomblant.com\/en\/libro-alfredo-martos\/","og_site_name":"Ariza Momblant","article_modified_time":"2022-08-22T07:56:44+00:00","twitter_card":"summary_large_image","twitter_misc":{"Estimated reading time":"2 minutes"},"schema":{"@context":"https:\/\/schema.org","@graph":[{"@type":"WebPage","@id":"https:\/\/arizamomblant.com\/libro-alfredo-martos\/","url":"https:\/\/arizamomblant.com\/libro-alfredo-martos\/","name":"Libro \"Alfredo Martos\" - Ariza Momblant","isPartOf":{"@id":"https:\/\/arizamomblant.com\/#website"},"datePublished":"2022-06-30T19:03:58+00:00","dateModified":"2022-08-22T07:56:44+00:00","breadcrumb":{"@id":"https:\/\/arizamomblant.com\/libro-alfredo-martos\/#breadcrumb"},"inLanguage":"en-GB","potentialAction":[{"@type":"ReadAction","target":["https:\/\/arizamomblant.com\/libro-alfredo-martos\/"]}]},{"@type":"BreadcrumbList","@id":"https:\/\/arizamomblant.com\/libro-alfredo-martos\/#breadcrumb","itemListElement":[{"@type":"ListItem","position":1,"name":"Portada","item":"https:\/\/arizamomblant.com\/"},{"@type":"ListItem","position":2,"name":"Libro \u00abAlfredo Martos\u00bb"}]},{"@type":"WebSite","@id":"https:\/\/arizamomblant.com\/#website","url":"https:\/\/arizamomblant.com\/","name":"Ariza Momblant","description":"Director y pianista","publisher":{"@id":"https:\/\/arizamomblant.com\/#organization"},"potentialAction":[{"@type":"SearchAction","target":{"@type":"EntryPoint","urlTemplate":"https:\/\/arizamomblant.com\/?s={search_term_string}"},"query-input":{"@type":"PropertyValueSpecification","valueRequired":true,"valueName":"search_term_string"}}],"inLanguage":"en-GB"},{"@type":"Organization","@id":"https:\/\/arizamomblant.com\/#organization","name":"Ariza Momblant","url":"https:\/\/arizamomblant.com\/","logo":{"@type":"ImageObject","inLanguage":"en-GB","@id":"https:\/\/arizamomblant.com\/#\/schema\/logo\/image\/","url":"https:\/\/arizamomblant.com\/wp-content\/uploads\/2022\/06\/cropped-logo-antonio-ariza-ok-ok-03.png","contentUrl":"https:\/\/arizamomblant.com\/wp-content\/uploads\/2022\/06\/cropped-logo-antonio-ariza-ok-ok-03.png","width":5905,"height":2842,"caption":"Ariza Momblant"},"image":{"@id":"https:\/\/arizamomblant.com\/#\/schema\/logo\/image\/"}}]}},"_links":{"self":[{"href":"https:\/\/arizamomblant.com\/en\/wp-json\/wp\/v2\/pages\/1214","targetHints":{"allow":["GET"]}}],"collection":[{"href":"https:\/\/arizamomblant.com\/en\/wp-json\/wp\/v2\/pages"}],"about":[{"href":"https:\/\/arizamomblant.com\/en\/wp-json\/wp\/v2\/types\/page"}],"author":[{"embeddable":true,"href":"https:\/\/arizamomblant.com\/en\/wp-json\/wp\/v2\/users\/1"}],"replies":[{"embeddable":true,"href":"https:\/\/arizamomblant.com\/en\/wp-json\/wp\/v2\/comments?post=1214"}],"version-history":[{"count":17,"href":"https:\/\/arizamomblant.com\/en\/wp-json\/wp\/v2\/pages\/1214\/revisions"}],"predecessor-version":[{"id":1620,"href":"https:\/\/arizamomblant.com\/en\/wp-json\/wp\/v2\/pages\/1214\/revisions\/1620"}],"wp:attachment":[{"href":"https:\/\/arizamomblant.com\/en\/wp-json\/wp\/v2\/media?parent=1214"}],"curies":[{"name":"wp","href":"https:\/\/api.w.org\/{rel}","templated":true}]}}